{"id":2645,"date":"2024-09-27T21:54:19","date_gmt":"2024-09-27T21:54:19","guid":{"rendered":"https:\/\/oevcoaching.com\/?page_id=2645"},"modified":"2026-02-02T23:57:34","modified_gmt":"2026-02-02T23:57:34","slug":"tus-favoritos","status":"publish","type":"page","link":"https:\/\/oevcoaching.com\/es-mx\/tus-favoritos\/","title":{"rendered":"Tus Favoritos"},"content":{"rendered":"<div data-elementor-type=\"wp-page\" data-elementor-id=\"2645\" class=\"elementor elementor-2645\" data-elementor-post-type=\"page\">\n\t\t\t\t<div class=\"elementor-element elementor-element-e49ebd9 header-padding e-flex e-con-boxed e-con e-parent\" data-id=\"e49ebd9\" data-element_type=\"container\" data-e-type=\"container\">\n\t\t\t\t\t<div class=\"e-con-inner\">\n\t\t<div class=\"elementor-element elementor-element-681062c e-con-full e-flex e-con e-child\" data-id=\"681062c\" data-element_type=\"container\" data-e-type=\"container\">\n\t\t\t\t<div class=\"elementor-element elementor-element-b9d9879 elementor-widget elementor-widget-image\" data-id=\"b9d9879\" data-element_type=\"widget\" data-e-type=\"widget\" data-widget_type=\"image.default\">\n\t\t\t\t<div class=\"elementor-widget-container\">\n\t\t\t\t\t\t\t\t\t\t\t\t\t\t\t\t<a href=\"https:\/\/oevcoaching.com\/es-mx\/\">\n\t\t\t\t\t\t\t<img decoding=\"async\" width=\"350\" height=\"130\" src=\"https:\/\/oevcoaching.com\/wp-content\/uploads\/2024\/09\/Logo-Light.png\" class=\"attachment-large size-large wp-image-2323\" alt=\"\" srcset=\"https:\/\/oevcoaching.com\/wp-content\/uploads\/2024\/09\/Logo-Light.png 350w, https:\/\/oevcoaching.com\/wp-content\/uploads\/2024\/09\/Logo-Light-300x111.png 300w\" sizes=\"(max-width: 350px) 100vw, 350px\" \/>\t\t\t\t\t\t\t\t<\/a>\n\t\t\t\t\t\t\t\t\t\t\t\t\t\t\t<\/div>\n\t\t\t\t<\/div>\n\t\t\t\t<\/div>\n\t\t<div class=\"elementor-element elementor-element-61dc466 e-con-full e-flex e-con e-child\" data-id=\"61dc466\" data-element_type=\"container\" data-e-type=\"container\">\n\t\t\t\t<div class=\"elementor-element elementor-element-eeeea10 elementor-nav-menu__align-end elementor-nav-menu--stretch elementor-nav-menu__text-align-center custom-menu elementor-nav-menu--dropdown-tablet elementor-nav-menu--toggle elementor-nav-menu--burger elementor-widget elementor-widget-nav-menu\" data-id=\"eeeea10\" data-element_type=\"widget\" data-e-type=\"widget\" data-settings=\"{&quot;full_width&quot;:&quot;stretch&quot;,&quot;layout&quot;:&quot;horizontal&quot;,&quot;submenu_icon&quot;:{&quot;value&quot;:&quot;&lt;svg class=\\&quot;e-font-icon-svg e-fas-caret-down\\&quot; viewBox=\\&quot;0 0 320 512\\&quot; xmlns=\\&quot;http:\\\/\\\/www.w3.org\\\/2000\\\/svg\\&quot;&gt;&lt;path d=\\&quot;M31.3 192h257.3c17.8 0 26.7 21.5 14.1 34.1L174.1 354.8c-7.8 7.8-20.5 7.8-28.3 0L17.2 226.1C4.6 213.5 13.5 192 31.3 192z\\&quot;&gt;&lt;\\\/path&gt;&lt;\\\/svg&gt;&quot;,&quot;library&quot;:&quot;fa-solid&quot;},&quot;toggle&quot;:&quot;burger&quot;}\" data-widget_type=\"nav-menu.default\">\n\t\t\t\t<div class=\"elementor-widget-container\">\n\t\t\t\t\t\t\t\t<nav aria-label=\"Menu\" class=\"elementor-nav-menu--main elementor-nav-menu__container elementor-nav-menu--layout-horizontal e--pointer-underline e--animation-fade\">\n\t\t\t\t<ul id=\"menu-1-eeeea10\" class=\"elementor-nav-menu\"><li class=\"menu-item menu-item-type-post_type menu-item-object-page menu-item-3832\"><a href=\"https:\/\/oevcoaching.com\/es-mx\/programa-de-liderazgo-para-gerentes-lead\/\" class=\"elementor-item\">Curso LEAD<\/a><\/li>\n<li class=\"menu-item menu-item-type-post_type menu-item-object-page menu-item-2809\"><a href=\"https:\/\/oevcoaching.com\/es-mx\/acerca-de\/\" class=\"elementor-item\">Acerca de<\/a><\/li>\n<li class=\"menu-item menu-item-type-post_type menu-item-object-page menu-item-2798\"><a href=\"https:\/\/oevcoaching.com\/es-mx\/tus-favoritos\/\" class=\"elementor-item\">Tus Favoritos<\/a><\/li>\n<li class=\"menu-item menu-item-type-custom menu-item-object-custom menu-item-2292\"><a href=\"https:\/\/oevcoaching.com\/wp-login.php\" class=\"elementor-item\">Log In<\/a><\/li>\n<\/ul>\t\t\t<\/nav>\n\t\t\t\t\t<div class=\"elementor-menu-toggle\" role=\"button\" tabindex=\"0\" aria-label=\"Menu Toggle\" aria-expanded=\"false\">\n\t\t\t<svg aria-hidden=\"true\" role=\"presentation\" class=\"elementor-menu-toggle__icon--open e-font-icon-svg e-eicon-menu-bar\" viewbox=\"0 0 1000 1000\" xmlns=\"http:\/\/www.w3.org\/2000\/svg\"><path d=\"M104 333H896C929 333 958 304 958 271S929 208 896 208H104C71 208 42 237 42 271S71 333 104 333ZM104 583H896C929 583 958 554 958 521S929 458 896 458H104C71 458 42 487 42 521S71 583 104 583ZM104 833H896C929 833 958 804 958 771S929 708 896 708H104C71 708 42 737 42 771S71 833 104 833Z\"><\/path><\/svg><svg aria-hidden=\"true\" role=\"presentation\" class=\"elementor-menu-toggle__icon--close e-font-icon-svg e-eicon-close\" viewbox=\"0 0 1000 1000\" xmlns=\"http:\/\/www.w3.org\/2000\/svg\"><path d=\"M742 167L500 408 258 167C246 154 233 150 217 150 196 150 179 158 167 167 154 179 150 196 150 212 150 229 154 242 171 254L408 500 167 742C138 771 138 800 167 829 196 858 225 858 254 829L496 587 738 829C750 842 767 846 783 846 800 846 817 842 829 829 842 817 846 804 846 783 846 767 842 750 829 737L588 500 833 258C863 229 863 200 833 171 804 137 775 137 742 167Z\"><\/path><\/svg>\t\t<\/div>\n\t\t\t\t\t<nav class=\"elementor-nav-menu--dropdown elementor-nav-menu__container\" aria-hidden=\"true\">\n\t\t\t\t<ul id=\"menu-2-eeeea10\" class=\"elementor-nav-menu\"><li class=\"menu-item menu-item-type-post_type menu-item-object-page menu-item-3832\"><a href=\"https:\/\/oevcoaching.com\/es-mx\/programa-de-liderazgo-para-gerentes-lead\/\" class=\"elementor-item\" tabindex=\"-1\">Curso LEAD<\/a><\/li>\n<li class=\"menu-item menu-item-type-post_type menu-item-object-page menu-item-2809\"><a href=\"https:\/\/oevcoaching.com\/es-mx\/acerca-de\/\" class=\"elementor-item\" tabindex=\"-1\">Acerca de<\/a><\/li>\n<li class=\"menu-item menu-item-type-post_type menu-item-object-page menu-item-2798\"><a href=\"https:\/\/oevcoaching.com\/es-mx\/tus-favoritos\/\" class=\"elementor-item\" tabindex=\"-1\">Tus Favoritos<\/a><\/li>\n<li class=\"menu-item menu-item-type-custom menu-item-object-custom menu-item-2292\"><a href=\"https:\/\/oevcoaching.com\/wp-login.php\" class=\"elementor-item\" tabindex=\"-1\">Log In<\/a><\/li>\n<\/ul>\t\t\t<\/nav>\n\t\t\t\t\t\t<\/div>\n\t\t\t\t<\/div>\n\t\t\t\t<\/div>\n\t\t\t\t\t<\/div>\n\t\t\t\t<\/div>\n\t\t<div class=\"elementor-element elementor-element-0fddd3c e-con-full section-gradient-gray e-flex e-con e-parent\" data-id=\"0fddd3c\" data-element_type=\"container\" data-e-type=\"container\">\n\t\t<div class=\"elementor-element elementor-element-97aa291 extra-top-padding no-bottom-padding e-flex e-con-boxed e-con e-child\" data-id=\"97aa291\" data-element_type=\"container\" data-e-type=\"container\" data-settings=\"{&quot;background_background&quot;:&quot;classic&quot;}\">\n\t\t\t\t\t<div class=\"e-con-inner\">\n\t\t\t\t\t<\/div>\n\t\t\t\t<\/div>\n\t\t<div class=\"elementor-element elementor-element-49038f9 section-padding e-flex e-con-boxed e-con e-child\" data-id=\"49038f9\" data-element_type=\"container\" data-e-type=\"container\">\n\t\t\t\t\t<div class=\"e-con-inner\">\n\t\t\t\t<div class=\"elementor-element elementor-element-5a61889 favorites-page elementor-widget elementor-widget-shortcode\" data-id=\"5a61889\" data-element_type=\"widget\" data-e-type=\"widget\" data-widget_type=\"shortcode.default\">\n\t\t\t\t<div class=\"elementor-widget-container\">\n\t\t\t\t\t\t\t<div class=\"elementor-shortcode\"><div class=\"favorites-list custom-favorites\" data-userid=\"\" data-siteid=\"1\" data-includebuttons=\"false\" data-includelinks=\"true\" data-includethumbnails=\"false\" data-includeexcerpts=\"false\" data-thumbnailsize=\"thumbnail\" data-nofavoritestext=\"Por ahora, no tienes ning\u00fan favorito guardado.\" data-posttypes=\"post,page,attachment,e-floating-buttons,elementor_library\"><div data-postid=\"0\" data-nofavorites class=\"no-favorites\">Por ahora, no tienes ning\u00fan favorito guardado.<\/div><\/div><\/div>\n\t\t\t\t\t\t<\/div>\n\t\t\t\t<\/div>\n\t\t\t\t<div class=\"elementor-element elementor-element-db9085b elementor-widget elementor-widget-shortcode\" data-id=\"db9085b\" data-element_type=\"widget\" data-e-type=\"widget\" data-widget_type=\"shortcode.default\">\n\t\t\t\t<div class=\"elementor-widget-container\">\n\t\t\t\t\t\t\t<div class=\"elementor-shortcode\"><button class=\"simplefavorites-clear\" data-siteid=\"1\">Vaciar Favoritos<\/button><\/div>\n\t\t\t\t\t\t<\/div>\n\t\t\t\t<\/div>\n\t\t\t\t\t<\/div>\n\t\t\t\t<\/div>\n\t\t\t\t<\/div>\n\t\t<div class=\"elementor-element elementor-element-51de0ad section-padding custom-footer e-flex e-con-boxed e-con e-parent\" data-id=\"51de0ad\" data-element_type=\"container\" data-e-type=\"container\" data-settings=\"{&quot;background_background&quot;:&quot;classic&quot;}\">\n\t\t\t\t\t<div class=\"e-con-inner\">\n\t\t\t\t<div class=\"elementor-element elementor-element-b257b5d elementor-widget elementor-widget-heading\" data-id=\"b257b5d\" data-element_type=\"widget\" data-e-type=\"widget\" data-widget_type=\"heading.default\">\n\t\t\t\t<div class=\"elementor-widget-container\">\n\t\t\t\t\t<h3 class=\"elementor-heading-title elementor-size-default\">Sobre este sitio<\/h3>\t\t\t\t<\/div>\n\t\t\t\t<\/div>\n\t\t<div class=\"elementor-element elementor-element-da5f343 e-con-full e-flex e-con e-child\" data-id=\"da5f343\" data-element_type=\"container\" data-e-type=\"container\">\n\t\t<div class=\"elementor-element elementor-element-ccc2e5c e-con-full e-flex e-con e-child\" data-id=\"ccc2e5c\" data-element_type=\"container\" data-e-type=\"container\">\n\t\t\t\t<div class=\"elementor-element elementor-element-dc72b30 elementor-widget elementor-widget-heading\" data-id=\"dc72b30\" data-element_type=\"widget\" data-e-type=\"widget\" data-widget_type=\"heading.default\">\n\t\t\t\t<div class=\"elementor-widget-container\">\n\t\t\t\t\t<p class=\"elementor-heading-title elementor-size-default\">OEV Coaching es el portal creado por Octavio Estrada para facilitar la formaci\u00f3n personalizada de profesionales, gerentes y emprendedores de toda Am\u00e9rica Latina.<\/p>\t\t\t\t<\/div>\n\t\t\t\t<\/div>\n\t\t\t\t<\/div>\n\t\t<div class=\"elementor-element elementor-element-2304ff9 e-con-full e-flex e-con e-child\" data-id=\"2304ff9\" data-element_type=\"container\" data-e-type=\"container\">\n\t\t\t\t<\/div>\n\t\t\t\t<\/div>\n\t\t<div class=\"elementor-element elementor-element-ec3feff e-con-full e-flex e-con e-child\" data-id=\"ec3feff\" data-element_type=\"container\" data-e-type=\"container\">\n\t\t<div class=\"elementor-element elementor-element-a273b32 e-con-full e-flex e-con e-child\" data-id=\"a273b32\" data-element_type=\"container\" data-e-type=\"container\">\n\t\t\t\t<div class=\"elementor-element elementor-element-b68f4dc elementor-widget elementor-widget-heading\" data-id=\"b68f4dc\" data-element_type=\"widget\" data-e-type=\"widget\" data-widget_type=\"heading.default\">\n\t\t\t\t<div class=\"elementor-widget-container\">\n\t\t\t\t\t<h4 class=\"elementor-heading-title elementor-size-default\">Copyright<\/h4>\t\t\t\t<\/div>\n\t\t\t\t<\/div>\n\t\t\t\t<div class=\"elementor-element elementor-element-9dd4401 elementor-widget elementor-widget-text-editor\" data-id=\"9dd4401\" data-element_type=\"widget\" data-e-type=\"widget\" data-widget_type=\"text-editor.default\">\n\t\t\t\t<div class=\"elementor-widget-container\">\n\t\t\t\t\t\t\t\t\t<p>Este sitio web y todos los contenidos que en \u00e9l se encuentran son propiedad intelectual de Octavio Estrada Vel\u00e1zquez, a menos que en referencia espec\u00edfica a alguna porci\u00f3n de \u00e9ste se especifique lo contrario.<\/p>\t\t\t\t\t\t\t\t<\/div>\n\t\t\t\t<\/div>\n\t\t\t\t<\/div>\n\t\t<div class=\"elementor-element elementor-element-ca136ec e-con-full e-flex e-con e-child\" data-id=\"ca136ec\" data-element_type=\"container\" data-e-type=\"container\">\n\t\t\t\t<div class=\"elementor-element elementor-element-7b71a5a elementor-widget elementor-widget-heading\" data-id=\"7b71a5a\" data-element_type=\"widget\" data-e-type=\"widget\" data-widget_type=\"heading.default\">\n\t\t\t\t<div class=\"elementor-widget-container\">\n\t\t\t\t\t<h4 class=\"elementor-heading-title elementor-size-default\">Privacidad<\/h4>\t\t\t\t<\/div>\n\t\t\t\t<\/div>\n\t\t\t\t<div class=\"elementor-element elementor-element-50e6185 elementor-widget elementor-widget-text-editor\" data-id=\"50e6185\" data-element_type=\"widget\" data-e-type=\"widget\" data-widget_type=\"text-editor.default\">\n\t\t\t\t<div class=\"elementor-widget-container\">\n\t\t\t\t\t\t\t\t\t<p>En OEV Coaching valoramos tu privacidad y protegemos tus datos personales. Usamos cookies para facilitar tu acceso al sitio, mejorar nuestros servicios y esfuerzos de marketing, y para ofrecerte funcionalidades personalizadas. No vendemos ni compartimos tu informaci\u00f3n con terceros. Tienes derecho a acceder, corregir o eliminar tus datos contact\u00e1ndonos en <strong><a rel=\"noopener\">hola@oevcoaching.com<\/a><\/strong>. Consulta nuestra <a href=\"https:\/\/oevcoaching.com\/es-mx\/politica-de-privacidad\/\">Pol\u00edtica de Privacidad<\/a> completa para m\u00e1s detalles.<\/p>\t\t\t\t\t\t\t\t<\/div>\n\t\t\t\t<\/div>\n\t\t\t\t<\/div>\n\t\t\t\t<\/div>\n\t\t\t\t\t<\/div>\n\t\t\t\t<\/div>\n\t\t\t\t<\/div>","protected":false},"excerpt":{"rendered":"<p>Sobre este sitio OEV Coaching es el portal creado por Octavio Estrada para facilitar la formaci\u00f3n personalizada de profesionales, gerentes y emprendedores de toda Am\u00e9rica Latina. Copyright Este sitio web y todos los contenidos que en \u00e9l se encuentran son propiedad intelectual de Octavio Estrada Vel\u00e1zquez, a menos que en referencia espec\u00edfica a alguna porci\u00f3n [&hellip;]<\/p>\n","protected":false},"author":3,"featured_media":0,"parent":0,"menu_order":0,"comment_status":"closed","ping_status":"closed","template":"elementor_canvas","meta":{"_acf_changed":false,"footnotes":""},"class_list":["post-2645","page","type-page","status-publish","hentry"],"acf":[],"yoast_head":"<!-- This site is optimized with the Yoast SEO plugin v26.8 - https:\/\/yoast.com\/product\/yoast-seo-wordpress\/ -->\n<title>Tus Favoritos - OEV Coaching<\/title>\n<meta name=\"robots\" content=\"index, follow, max-snippet:-1, max-image-preview:large, max-video-preview:-1\" \/>\n<link rel=\"canonical\" href=\"https:\/\/oevcoaching.com\/es-mx\/tus-favoritos\/\" \/>\n<meta property=\"og:locale\" content=\"es_MX\" \/>\n<meta property=\"og:type\" content=\"article\" \/>\n<meta property=\"og:title\" content=\"Tus Favoritos - OEV Coaching\" \/>\n<meta property=\"og:description\" content=\"Sobre este sitio OEV Coaching es el portal creado por Octavio Estrada para facilitar la formaci\u00f3n personalizada de profesionales, gerentes y emprendedores de toda Am\u00e9rica Latina. Copyright Este sitio web y todos los contenidos que en \u00e9l se encuentran son propiedad intelectual de Octavio Estrada Vel\u00e1zquez, a menos que en referencia espec\u00edfica a alguna porci\u00f3n [&hellip;]\" \/>\n<meta property=\"og:url\" content=\"https:\/\/oevcoaching.com\/es-mx\/tus-favoritos\/\" \/>\n<meta property=\"og:site_name\" content=\"OEV Coaching\" \/>\n<meta property=\"article:modified_time\" content=\"2026-02-02T23:57:34+00:00\" \/>\n<meta property=\"og:image\" content=\"https:\/\/oevcoaching.com\/wp-content\/uploads\/2024\/09\/Logo-Light.png\" \/>\n\t<meta property=\"og:image:width\" content=\"350\" \/>\n\t<meta property=\"og:image:height\" content=\"130\" \/>\n\t<meta property=\"og:image:type\" content=\"image\/png\" \/>\n<meta name=\"twitter:card\" content=\"summary_large_image\" \/>\n<meta name=\"twitter:label1\" content=\"Tiempo de lectura\" \/>\n\t<meta name=\"twitter:data1\" content=\"1 minuto\" \/>\n<script type=\"application\/ld+json\" class=\"yoast-schema-graph\">{\"@context\":\"https:\/\/schema.org\",\"@graph\":[{\"@type\":\"WebPage\",\"@id\":\"https:\/\/oevcoaching.com\/tus-favoritos\/\",\"url\":\"https:\/\/oevcoaching.com\/tus-favoritos\/\",\"name\":\"Tus Favoritos - OEV Coaching\",\"isPartOf\":{\"@id\":\"https:\/\/oevcoaching.com\/#website\"},\"primaryImageOfPage\":{\"@id\":\"https:\/\/oevcoaching.com\/tus-favoritos\/#primaryimage\"},\"image\":{\"@id\":\"https:\/\/oevcoaching.com\/tus-favoritos\/#primaryimage\"},\"thumbnailUrl\":\"https:\/\/oevcoaching.com\/wp-content\/uploads\/2024\/09\/Logo-Light.png\",\"datePublished\":\"2024-09-27T21:54:19+00:00\",\"dateModified\":\"2026-02-02T23:57:34+00:00\",\"breadcrumb\":{\"@id\":\"https:\/\/oevcoaching.com\/tus-favoritos\/#breadcrumb\"},\"inLanguage\":\"es\",\"potentialAction\":[{\"@type\":\"ReadAction\",\"target\":[\"https:\/\/oevcoaching.com\/tus-favoritos\/\"]}]},{\"@type\":\"ImageObject\",\"inLanguage\":\"es\",\"@id\":\"https:\/\/oevcoaching.com\/tus-favoritos\/#primaryimage\",\"url\":\"https:\/\/oevcoaching.com\/wp-content\/uploads\/2024\/09\/Logo-Light.png\",\"contentUrl\":\"https:\/\/oevcoaching.com\/wp-content\/uploads\/2024\/09\/Logo-Light.png\"},{\"@type\":\"BreadcrumbList\",\"@id\":\"https:\/\/oevcoaching.com\/tus-favoritos\/#breadcrumb\",\"itemListElement\":[{\"@type\":\"ListItem\",\"position\":1,\"name\":\"Home\",\"item\":\"https:\/\/oevcoaching.com\/\"},{\"@type\":\"ListItem\",\"position\":2,\"name\":\"Tus Favoritos\"}]},{\"@type\":\"WebSite\",\"@id\":\"https:\/\/oevcoaching.com\/#website\",\"url\":\"https:\/\/oevcoaching.com\/\",\"name\":\"OEV Coaching\",\"description\":\"\",\"publisher\":{\"@id\":\"https:\/\/oevcoaching.com\/#\/schema\/person\/ed0ef76bb217a615d619306d1a0024d3\"},\"potentialAction\":[{\"@type\":\"SearchAction\",\"target\":{\"@type\":\"EntryPoint\",\"urlTemplate\":\"https:\/\/oevcoaching.com\/?s={search_term_string}\"},\"query-input\":{\"@type\":\"PropertyValueSpecification\",\"valueRequired\":true,\"valueName\":\"search_term_string\"}}],\"inLanguage\":\"es\"},{\"@type\":[\"Person\",\"Organization\"],\"@id\":\"https:\/\/oevcoaching.com\/#\/schema\/person\/ed0ef76bb217a615d619306d1a0024d3\",\"name\":\"Octavio Estrada Vel\u00e1zquez\",\"image\":{\"@type\":\"ImageObject\",\"inLanguage\":\"es\",\"@id\":\"https:\/\/oevcoaching.com\/#\/schema\/person\/image\/\",\"url\":\"https:\/\/oevcoaching.com\/wp-content\/uploads\/2024\/09\/Logo-Light.png\",\"contentUrl\":\"https:\/\/oevcoaching.com\/wp-content\/uploads\/2024\/09\/Logo-Light.png\",\"width\":350,\"height\":130,\"caption\":\"Octavio Estrada Vel\u00e1zquez\"},\"logo\":{\"@id\":\"https:\/\/oevcoaching.com\/#\/schema\/person\/image\/\"},\"sameAs\":[\"https:\/\/www.linkedin.com\/in\/octavio-estrada-53976927\/\"]}]}<\/script>\n<!-- \/ Yoast SEO plugin. -->","yoast_head_json":{"title":"Tus Favoritos - OEV Coaching","robots":{"index":"index","follow":"follow","max-snippet":"max-snippet:-1","max-image-preview":"max-image-preview:large","max-video-preview":"max-video-preview:-1"},"canonical":"https:\/\/oevcoaching.com\/es-mx\/tus-favoritos\/","og_locale":"es_MX","og_type":"article","og_title":"Tus Favoritos - OEV Coaching","og_description":"Sobre este sitio OEV Coaching es el portal creado por Octavio Estrada para facilitar la formaci\u00f3n personalizada de profesionales, gerentes y emprendedores de toda Am\u00e9rica Latina. Copyright Este sitio web y todos los contenidos que en \u00e9l se encuentran son propiedad intelectual de Octavio Estrada Vel\u00e1zquez, a menos que en referencia espec\u00edfica a alguna porci\u00f3n [&hellip;]","og_url":"https:\/\/oevcoaching.com\/es-mx\/tus-favoritos\/","og_site_name":"OEV Coaching","article_modified_time":"2026-02-02T23:57:34+00:00","og_image":[{"width":350,"height":130,"url":"https:\/\/oevcoaching.com\/wp-content\/uploads\/2024\/09\/Logo-Light.png","type":"image\/png"}],"twitter_card":"summary_large_image","twitter_misc":{"Tiempo de lectura":"1 minuto"},"schema":{"@context":"https:\/\/schema.org","@graph":[{"@type":"WebPage","@id":"https:\/\/oevcoaching.com\/tus-favoritos\/","url":"https:\/\/oevcoaching.com\/tus-favoritos\/","name":"Tus Favoritos - OEV Coaching","isPartOf":{"@id":"https:\/\/oevcoaching.com\/#website"},"primaryImageOfPage":{"@id":"https:\/\/oevcoaching.com\/tus-favoritos\/#primaryimage"},"image":{"@id":"https:\/\/oevcoaching.com\/tus-favoritos\/#primaryimage"},"thumbnailUrl":"https:\/\/oevcoaching.com\/wp-content\/uploads\/2024\/09\/Logo-Light.png","datePublished":"2024-09-27T21:54:19+00:00","dateModified":"2026-02-02T23:57:34+00:00","breadcrumb":{"@id":"https:\/\/oevcoaching.com\/tus-favoritos\/#breadcrumb"},"inLanguage":"es","potentialAction":[{"@type":"ReadAction","target":["https:\/\/oevcoaching.com\/tus-favoritos\/"]}]},{"@type":"ImageObject","inLanguage":"es","@id":"https:\/\/oevcoaching.com\/tus-favoritos\/#primaryimage","url":"https:\/\/oevcoaching.com\/wp-content\/uploads\/2024\/09\/Logo-Light.png","contentUrl":"https:\/\/oevcoaching.com\/wp-content\/uploads\/2024\/09\/Logo-Light.png"},{"@type":"BreadcrumbList","@id":"https:\/\/oevcoaching.com\/tus-favoritos\/#breadcrumb","itemListElement":[{"@type":"ListItem","position":1,"name":"Home","item":"https:\/\/oevcoaching.com\/"},{"@type":"ListItem","position":2,"name":"Tus Favoritos"}]},{"@type":"WebSite","@id":"https:\/\/oevcoaching.com\/#website","url":"https:\/\/oevcoaching.com\/","name":"OEV Coaching","description":"","publisher":{"@id":"https:\/\/oevcoaching.com\/#\/schema\/person\/ed0ef76bb217a615d619306d1a0024d3"},"potentialAction":[{"@type":"SearchAction","target":{"@type":"EntryPoint","urlTemplate":"https:\/\/oevcoaching.com\/?s={search_term_string}"},"query-input":{"@type":"PropertyValueSpecification","valueRequired":true,"valueName":"search_term_string"}}],"inLanguage":"es"},{"@type":["Person","Organization"],"@id":"https:\/\/oevcoaching.com\/#\/schema\/person\/ed0ef76bb217a615d619306d1a0024d3","name":"Octavio Estrada Vel\u00e1zquez","image":{"@type":"ImageObject","inLanguage":"es","@id":"https:\/\/oevcoaching.com\/#\/schema\/person\/image\/","url":"https:\/\/oevcoaching.com\/wp-content\/uploads\/2024\/09\/Logo-Light.png","contentUrl":"https:\/\/oevcoaching.com\/wp-content\/uploads\/2024\/09\/Logo-Light.png","width":350,"height":130,"caption":"Octavio Estrada Vel\u00e1zquez"},"logo":{"@id":"https:\/\/oevcoaching.com\/#\/schema\/person\/image\/"},"sameAs":["https:\/\/www.linkedin.com\/in\/octavio-estrada-53976927\/"]}]}},"_links":{"self":[{"href":"https:\/\/oevcoaching.com\/es-mx\/wp-json\/wp\/v2\/pages\/2645","targetHints":{"allow":["GET"]}}],"collection":[{"href":"https:\/\/oevcoaching.com\/es-mx\/wp-json\/wp\/v2\/pages"}],"about":[{"href":"https:\/\/oevcoaching.com\/es-mx\/wp-json\/wp\/v2\/types\/page"}],"author":[{"embeddable":true,"href":"https:\/\/oevcoaching.com\/es-mx\/wp-json\/wp\/v2\/users\/3"}],"replies":[{"embeddable":true,"href":"https:\/\/oevcoaching.com\/es-mx\/wp-json\/wp\/v2\/comments?post=2645"}],"version-history":[{"count":63,"href":"https:\/\/oevcoaching.com\/es-mx\/wp-json\/wp\/v2\/pages\/2645\/revisions"}],"predecessor-version":[{"id":3928,"href":"https:\/\/oevcoaching.com\/es-mx\/wp-json\/wp\/v2\/pages\/2645\/revisions\/3928"}],"wp:attachment":[{"href":"https:\/\/oevcoaching.com\/es-mx\/wp-json\/wp\/v2\/media?parent=2645"}],"curies":[{"name":"wp","href":"https:\/\/api.w.org\/{rel}","templated":true}]}}