{"id":2799,"date":"2024-10-03T22:44:31","date_gmt":"2024-10-03T22:44:31","guid":{"rendered":"https:\/\/oevcoaching.com\/?page_id=2799"},"modified":"2026-02-02T23:55:26","modified_gmt":"2026-02-02T23:55:26","slug":"acerca-de","status":"publish","type":"page","link":"https:\/\/oevcoaching.com\/es-mx\/acerca-de\/","title":{"rendered":"Acerca de"},"content":{"rendered":"<div data-elementor-type=\"wp-page\" data-elementor-id=\"2799\" class=\"elementor elementor-2799\" data-elementor-post-type=\"page\">\n\t\t\t\t<div class=\"elementor-element elementor-element-4f180e2 e-con-full section-gradient-gray e-flex e-con e-parent\" data-id=\"4f180e2\" data-element_type=\"container\" data-e-type=\"container\">\n\t\t<div class=\"elementor-element elementor-element-c138d2a extra-top-padding no-bottom-padding e-flex e-con-boxed e-con e-child\" data-id=\"c138d2a\" data-element_type=\"container\" data-e-type=\"container\" data-settings=\"{&quot;background_background&quot;:&quot;classic&quot;}\">\n\t\t\t\t\t<div class=\"e-con-inner\">\n\t\t\t\t<div class=\"elementor-element elementor-element-399dcfc light-page-title fw-800 elementor-widget elementor-widget-heading\" data-id=\"399dcfc\" data-element_type=\"widget\" data-e-type=\"widget\" data-widget_type=\"heading.default\">\n\t\t\t\t<div class=\"elementor-widget-container\">\n\t\t\t\t\t<h2 class=\"elementor-heading-title elementor-size-default\">Acerca de este sitio<\/h2>\t\t\t\t<\/div>\n\t\t\t\t<\/div>\n\t\t\t\t\t<\/div>\n\t\t\t\t<\/div>\n\t\t<div class=\"elementor-element elementor-element-8b6c47b no-bottom-padding e-flex e-con-boxed e-con e-child\" data-id=\"8b6c47b\" data-element_type=\"container\" data-e-type=\"container\">\n\t\t\t\t\t<div class=\"e-con-inner\">\n\t\t\t\t<div class=\"elementor-element elementor-element-796f212 custom-post-content elementor-widget elementor-widget-text-editor\" data-id=\"796f212\" data-element_type=\"widget\" data-e-type=\"widget\" data-widget_type=\"text-editor.default\">\n\t\t\t\t<div class=\"elementor-widget-container\">\n\t\t\t\t\t\t\t\t\t<p>\u00a1Bienvenido a OEV Coaching!<\/p><p>Este website es un portal dise\u00f1ado por Octavio Estrada Vel\u00e1zquez, un experimentado emprendedor y coach con una larga carrera en la direcci\u00f3n de empresas y equipos de trabajo.<\/p><p>Creemos \u2014 la experiencia lo confirma \u2014 que el coaching ejecutivo es una herramienta invaluable para impulsar a los gerentes, emprendedores y profesionales en su camino hacia el \u00e9xito. Por eso, nuestro objetivo es ofrecerte un espacio accesible y enriquecedor donde encuentres recursos, herramientas y formaci\u00f3n personalizada que se adapten a tus necesidades de crecimiento, aprendizaje y auto-actualizaci\u00f3n.<\/p>\t\t\t\t\t\t\t\t<\/div>\n\t\t\t\t<\/div>\n\t\t\t\t\t<\/div>\n\t\t\t\t<\/div>\n\t\t<div class=\"elementor-element elementor-element-32cad8c no-top-padding e-flex e-con-boxed e-con e-child\" data-id=\"32cad8c\" data-element_type=\"container\" data-e-type=\"container\">\n\t\t\t\t\t<div class=\"e-con-inner\">\n\t\t\t\t<div class=\"elementor-element elementor-element-a70cf97 custom-post-content elementor-widget elementor-widget-text-editor\" data-id=\"a70cf97\" data-element_type=\"widget\" data-e-type=\"widget\" data-widget_type=\"text-editor.default\">\n\t\t\t\t<div class=\"elementor-widget-container\">\n\t\t\t\t\t\t\t\t\t<h3>Conoce a tu coach<\/h3><p>Con m\u00e1s de 30 a\u00f1os en posiciones ejecutivas y 15 a\u00f1os de experiencia en el coaching y la formaci\u00f3n de l\u00edderes, Octavio Estrada es un experto en el campo de la administraci\u00f3n, liderazgo, desempe\u00f1o y RH. Su gran pasi\u00f3n es ayudar a los profesionales, emprendedores y gerentes a descubrir y realizar su potencial.<\/p><ul><li>Maestr\u00eda en RH en la universidad ANAHUAC<\/li><li>Director LATAM de Gemalto durante 10 a\u00f1os<\/li><li>Fundador y director de DEO Consultores<\/li><li>Coach en desempe\u00f1o, RH, administraci\u00f3n y liderazgo desde 2018.<\/li><\/ul><p>En OEV Coaching, te acompa\u00f1amos en cada paso de tu viaje de autodescubrimiento y mejora continua. <a href=\"https:\/\/oevcoaching.com\/es-mx\/contacto\/\">Cont\u00e1ctanos<\/a> y comienza a transformar tu vida profesional hoy mismo.<\/p>\t\t\t\t\t\t\t\t<\/div>\n\t\t\t\t<\/div>\n\t\t\t\t\t<\/div>\n\t\t\t\t<\/div>\n\t\t\t\t<\/div>\n\t\t\t\t<\/div>","protected":false},"excerpt":{"rendered":"<p>Acerca de este sitio \u00a1Bienvenido a OEV Coaching! Este website es un portal dise\u00f1ado por Octavio Estrada Vel\u00e1zquez, un experimentado emprendedor y coach con una larga carrera en la direcci\u00f3n de empresas y equipos de trabajo. Creemos \u2014 la experiencia lo confirma \u2014 que el coaching ejecutivo es una herramienta invaluable para impulsar a los [&hellip;]<\/p>\n","protected":false},"author":3,"featured_media":0,"parent":0,"menu_order":0,"comment_status":"closed","ping_status":"closed","template":"elementor_theme","meta":{"_acf_changed":false,"footnotes":""},"class_list":["post-2799","page","type-page","status-publish","hentry"],"acf":[],"yoast_head":"<!-- This site is optimized with the Yoast SEO plugin v26.8 - https:\/\/yoast.com\/product\/yoast-seo-wordpress\/ -->\n<title>Acerca de - OEV Coaching<\/title>\n<meta name=\"robots\" content=\"index, follow, max-snippet:-1, max-image-preview:large, max-video-preview:-1\" \/>\n<link rel=\"canonical\" href=\"https:\/\/oevcoaching.com\/es-mx\/acerca-de\/\" \/>\n<meta property=\"og:locale\" content=\"es_MX\" \/>\n<meta property=\"og:type\" content=\"article\" \/>\n<meta property=\"og:title\" content=\"Acerca de - OEV Coaching\" \/>\n<meta property=\"og:description\" content=\"Acerca de este sitio \u00a1Bienvenido a OEV Coaching! Este website es un portal dise\u00f1ado por Octavio Estrada Vel\u00e1zquez, un experimentado emprendedor y coach con una larga carrera en la direcci\u00f3n de empresas y equipos de trabajo. Creemos \u2014 la experiencia lo confirma \u2014 que el coaching ejecutivo es una herramienta invaluable para impulsar a los [&hellip;]\" \/>\n<meta property=\"og:url\" content=\"https:\/\/oevcoaching.com\/es-mx\/acerca-de\/\" \/>\n<meta property=\"og:site_name\" content=\"OEV Coaching\" \/>\n<meta property=\"article:modified_time\" content=\"2026-02-02T23:55:26+00:00\" \/>\n<meta name=\"twitter:card\" content=\"summary_large_image\" \/>\n<meta name=\"twitter:label1\" content=\"Tiempo de lectura\" \/>\n\t<meta name=\"twitter:data1\" content=\"1 minuto\" \/>\n<script type=\"application\/ld+json\" class=\"yoast-schema-graph\">{\"@context\":\"https:\/\/schema.org\",\"@graph\":[{\"@type\":\"WebPage\",\"@id\":\"https:\/\/oevcoaching.com\/acerca-de\/\",\"url\":\"https:\/\/oevcoaching.com\/acerca-de\/\",\"name\":\"Acerca de - OEV Coaching\",\"isPartOf\":{\"@id\":\"https:\/\/oevcoaching.com\/#website\"},\"datePublished\":\"2024-10-03T22:44:31+00:00\",\"dateModified\":\"2026-02-02T23:55:26+00:00\",\"breadcrumb\":{\"@id\":\"https:\/\/oevcoaching.com\/acerca-de\/#breadcrumb\"},\"inLanguage\":\"es\",\"potentialAction\":[{\"@type\":\"ReadAction\",\"target\":[\"https:\/\/oevcoaching.com\/acerca-de\/\"]}]},{\"@type\":\"BreadcrumbList\",\"@id\":\"https:\/\/oevcoaching.com\/acerca-de\/#breadcrumb\",\"itemListElement\":[{\"@type\":\"ListItem\",\"position\":1,\"name\":\"Home\",\"item\":\"https:\/\/oevcoaching.com\/\"},{\"@type\":\"ListItem\",\"position\":2,\"name\":\"Acerca de\"}]},{\"@type\":\"WebSite\",\"@id\":\"https:\/\/oevcoaching.com\/#website\",\"url\":\"https:\/\/oevcoaching.com\/\",\"name\":\"OEV Coaching\",\"description\":\"\",\"publisher\":{\"@id\":\"https:\/\/oevcoaching.com\/#\/schema\/person\/ed0ef76bb217a615d619306d1a0024d3\"},\"potentialAction\":[{\"@type\":\"SearchAction\",\"target\":{\"@type\":\"EntryPoint\",\"urlTemplate\":\"https:\/\/oevcoaching.com\/?s={search_term_string}\"},\"query-input\":{\"@type\":\"PropertyValueSpecification\",\"valueRequired\":true,\"valueName\":\"search_term_string\"}}],\"inLanguage\":\"es\"},{\"@type\":[\"Person\",\"Organization\"],\"@id\":\"https:\/\/oevcoaching.com\/#\/schema\/person\/ed0ef76bb217a615d619306d1a0024d3\",\"name\":\"Octavio Estrada Vel\u00e1zquez\",\"image\":{\"@type\":\"ImageObject\",\"inLanguage\":\"es\",\"@id\":\"https:\/\/oevcoaching.com\/#\/schema\/person\/image\/\",\"url\":\"https:\/\/oevcoaching.com\/wp-content\/uploads\/2024\/09\/Logo-Light.png\",\"contentUrl\":\"https:\/\/oevcoaching.com\/wp-content\/uploads\/2024\/09\/Logo-Light.png\",\"width\":350,\"height\":130,\"caption\":\"Octavio Estrada Vel\u00e1zquez\"},\"logo\":{\"@id\":\"https:\/\/oevcoaching.com\/#\/schema\/person\/image\/\"},\"sameAs\":[\"https:\/\/www.linkedin.com\/in\/octavio-estrada-53976927\/\"]}]}<\/script>\n<!-- \/ Yoast SEO plugin. -->","yoast_head_json":{"title":"Acerca de - OEV Coaching","robots":{"index":"index","follow":"follow","max-snippet":"max-snippet:-1","max-image-preview":"max-image-preview:large","max-video-preview":"max-video-preview:-1"},"canonical":"https:\/\/oevcoaching.com\/es-mx\/acerca-de\/","og_locale":"es_MX","og_type":"article","og_title":"Acerca de - OEV Coaching","og_description":"Acerca de este sitio \u00a1Bienvenido a OEV Coaching! Este website es un portal dise\u00f1ado por Octavio Estrada Vel\u00e1zquez, un experimentado emprendedor y coach con una larga carrera en la direcci\u00f3n de empresas y equipos de trabajo. Creemos \u2014 la experiencia lo confirma \u2014 que el coaching ejecutivo es una herramienta invaluable para impulsar a los [&hellip;]","og_url":"https:\/\/oevcoaching.com\/es-mx\/acerca-de\/","og_site_name":"OEV Coaching","article_modified_time":"2026-02-02T23:55:26+00:00","twitter_card":"summary_large_image","twitter_misc":{"Tiempo de lectura":"1 minuto"},"schema":{"@context":"https:\/\/schema.org","@graph":[{"@type":"WebPage","@id":"https:\/\/oevcoaching.com\/acerca-de\/","url":"https:\/\/oevcoaching.com\/acerca-de\/","name":"Acerca de - OEV Coaching","isPartOf":{"@id":"https:\/\/oevcoaching.com\/#website"},"datePublished":"2024-10-03T22:44:31+00:00","dateModified":"2026-02-02T23:55:26+00:00","breadcrumb":{"@id":"https:\/\/oevcoaching.com\/acerca-de\/#breadcrumb"},"inLanguage":"es","potentialAction":[{"@type":"ReadAction","target":["https:\/\/oevcoaching.com\/acerca-de\/"]}]},{"@type":"BreadcrumbList","@id":"https:\/\/oevcoaching.com\/acerca-de\/#breadcrumb","itemListElement":[{"@type":"ListItem","position":1,"name":"Home","item":"https:\/\/oevcoaching.com\/"},{"@type":"ListItem","position":2,"name":"Acerca de"}]},{"@type":"WebSite","@id":"https:\/\/oevcoaching.com\/#website","url":"https:\/\/oevcoaching.com\/","name":"OEV Coaching","description":"","publisher":{"@id":"https:\/\/oevcoaching.com\/#\/schema\/person\/ed0ef76bb217a615d619306d1a0024d3"},"potentialAction":[{"@type":"SearchAction","target":{"@type":"EntryPoint","urlTemplate":"https:\/\/oevcoaching.com\/?s={search_term_string}"},"query-input":{"@type":"PropertyValueSpecification","valueRequired":true,"valueName":"search_term_string"}}],"inLanguage":"es"},{"@type":["Person","Organization"],"@id":"https:\/\/oevcoaching.com\/#\/schema\/person\/ed0ef76bb217a615d619306d1a0024d3","name":"Octavio Estrada Vel\u00e1zquez","image":{"@type":"ImageObject","inLanguage":"es","@id":"https:\/\/oevcoaching.com\/#\/schema\/person\/image\/","url":"https:\/\/oevcoaching.com\/wp-content\/uploads\/2024\/09\/Logo-Light.png","contentUrl":"https:\/\/oevcoaching.com\/wp-content\/uploads\/2024\/09\/Logo-Light.png","width":350,"height":130,"caption":"Octavio Estrada Vel\u00e1zquez"},"logo":{"@id":"https:\/\/oevcoaching.com\/#\/schema\/person\/image\/"},"sameAs":["https:\/\/www.linkedin.com\/in\/octavio-estrada-53976927\/"]}]}},"_links":{"self":[{"href":"https:\/\/oevcoaching.com\/es-mx\/wp-json\/wp\/v2\/pages\/2799","targetHints":{"allow":["GET"]}}],"collection":[{"href":"https:\/\/oevcoaching.com\/es-mx\/wp-json\/wp\/v2\/pages"}],"about":[{"href":"https:\/\/oevcoaching.com\/es-mx\/wp-json\/wp\/v2\/types\/page"}],"author":[{"embeddable":true,"href":"https:\/\/oevcoaching.com\/es-mx\/wp-json\/wp\/v2\/users\/3"}],"replies":[{"embeddable":true,"href":"https:\/\/oevcoaching.com\/es-mx\/wp-json\/wp\/v2\/comments?post=2799"}],"version-history":[{"count":31,"href":"https:\/\/oevcoaching.com\/es-mx\/wp-json\/wp\/v2\/pages\/2799\/revisions"}],"predecessor-version":[{"id":3920,"href":"https:\/\/oevcoaching.com\/es-mx\/wp-json\/wp\/v2\/pages\/2799\/revisions\/3920"}],"wp:attachment":[{"href":"https:\/\/oevcoaching.com\/es-mx\/wp-json\/wp\/v2\/media?parent=2799"}],"curies":[{"name":"wp","href":"https:\/\/api.w.org\/{rel}","templated":true}]}}