{"id":3980,"date":"2026-02-21T00:09:40","date_gmt":"2026-02-21T00:09:40","guid":{"rendered":"https:\/\/oevcoaching.com\/?page_id=3980"},"modified":"2026-02-25T22:43:49","modified_gmt":"2026-02-25T22:43:49","slug":"politica-de-privacidad","status":"publish","type":"page","link":"https:\/\/oevcoaching.com\/es-mx\/politica-de-privacidad\/","title":{"rendered":"Pol\u00edtica de Privacidad"},"content":{"rendered":"\t\t<div data-elementor-type=\"wp-page\" data-elementor-id=\"3980\" class=\"elementor elementor-3980\" data-elementor-post-type=\"page\">\n\t\t\t\t<div class=\"elementor-element elementor-element-336a6ad e-con-full section-gradient-gray e-flex e-con e-parent\" data-id=\"336a6ad\" data-element_type=\"container\" data-e-type=\"container\">\n\t\t<div class=\"elementor-element elementor-element-07d3890 extra-top-padding no-bottom-padding e-flex e-con-boxed e-con e-child\" data-id=\"07d3890\" data-element_type=\"container\" data-e-type=\"container\" data-settings=\"{&quot;background_background&quot;:&quot;classic&quot;}\">\n\t\t\t\t\t<div class=\"e-con-inner\">\n\t\t\t\t<div class=\"elementor-element elementor-element-3d91cc2 light-page-title fw-800 elementor-widget elementor-widget-heading\" data-id=\"3d91cc2\" data-element_type=\"widget\" data-e-type=\"widget\" data-widget_type=\"heading.default\">\n\t\t\t\t<div class=\"elementor-widget-container\">\n\t\t\t\t\t<h2 class=\"elementor-heading-title elementor-size-default\">Pol\u00edtica de Privacidad<\/h2>\t\t\t\t<\/div>\n\t\t\t\t<\/div>\n\t\t\t\t\t<\/div>\n\t\t\t\t<\/div>\n\t\t<div class=\"elementor-element elementor-element-b3c5db2 no-bottom-padding e-flex e-con-boxed e-con e-child\" data-id=\"b3c5db2\" data-element_type=\"container\" data-e-type=\"container\">\n\t\t\t\t\t<div class=\"e-con-inner\">\n\t\t\t\t<div class=\"elementor-element elementor-element-ad86169 custom-post-content elementor-widget elementor-widget-text-editor\" data-id=\"ad86169\" data-element_type=\"widget\" data-e-type=\"widget\" data-widget_type=\"text-editor.default\">\n\t\t\t\t<div class=\"elementor-widget-container\">\n\t\t\t\t\t\t\t\t\t<p><em>Esta pol\u00edtica fue actualizada y revisada por \u00faltima vez el d\u00eda 25 de febrero de 2026.<\/em><\/p><p>En este documento te informamos sobre c\u00f3mo recopilamos, utilizamos y protegemos tus datos personales cuando interact\u00faas con nuestro sitio web, https:\/\/oevcoaching.com. Aqu\u00ed detallamos las categor\u00edas de datos que recopilamos, las finalidades con las cuales se obtienen y los periodos de retenci\u00f3n aplicables. Para informaci\u00f3n m\u00e1s espec\u00edfica sobre el uso de cookies (y c\u00f3mo puedes aceptarlas o rechazarlas) consulta nuestra pol\u00edtica sobre <a href=\"https:\/\/oevcoaching.com\/es-mx\/preferencias-de-consentimiento\/?clang=en\">Preferencias de Consentimiento<\/a>.<\/p>\t\t\t\t\t\t\t\t<\/div>\n\t\t\t\t<\/div>\n\t\t\t\t<div class=\"elementor-element elementor-element-25a5933 custom-post-content elementor-widget elementor-widget-shortcode\" data-id=\"25a5933\" data-element_type=\"widget\" data-e-type=\"widget\" data-widget_type=\"shortcode.default\">\n\t\t\t\t<div class=\"elementor-widget-container\">\n\t\t\t\t\t\t\t<div class=\"elementor-shortcode\">\n<!-- Legal document generated by Complianz | GDPR\/CCPA Cookie Consent https:\/\/wordpress.org\/plugins\/complianz-gdpr -->\n<div id=\"cmplz-document\" class=\"cmplz-document privacy-statement cmplz-document-us\"><h2>1. Purpose and categories of data<\/h2><p>We may collect or receive personal information for a number of purposes connected with our business operations which may include the following: (click to expand)<\/b><\/p><details class=\"cmplz-dropdown dropdown-privacy-statement\"><summary><div><h3>1.1 To sell or share data with a third party<\/h3><\/div><\/summary><p class=\"cmplz-subtitle\">The following categories of data are collected<\/p><p><ul><li>IP Address<\/li><li>Internet activity information, including, but not limited to, browsing history, search history, and information regarding a consumer&#039;s interaction with an Internet Web site, application, or advertisement<\/li><li>Geolocation data<\/li><\/ul><\/p><p class=\"cmplz-subtitle\">Retention period<\/p><p>We determine the retention period according to fixed objective criteria: Los datos compartidos con Google Ads con fines de seguimiento de conversiones (incluyendo direcci\u00f3n IP, actividad de navegaci\u00f3n y geolocalizaci\u00f3n aproximada) son procesados por Google LLC de acuerdo con sus propias pol\u00edticas de retenci\u00f3n de datos y privacidad. El operador del sitio no almacena ni conserva de forma independiente datos a nivel de usuario compartidos con Google Ads m\u00e1s all\u00e1 de lo que se procesa autom\u00e1ticamente a trav\u00e9s del p\u00edxel de seguimiento de Google Ads. Para m\u00e1s informaci\u00f3n sobre c\u00f3mo Google gestiona estos datos, consulte la Pol\u00edtica de Privacidad de Google en https:\/\/policies.google.com\/privacy.<\/p><\/details><details class=\"cmplz-dropdown dropdown-privacy-statement\"><summary><div><h3>1.2 Contact - Through phone, mail, email and\/or webforms<\/h3><\/div><\/summary><p class=\"cmplz-subtitle\">The following categories of data are collected<\/p><p><ul><li>A first and last name<\/li><li>An email address<\/li><li>A telephone number<\/li><li>Internet activity information, including, but not limited to, browsing history, search history, and information regarding a consumer&#039;s interaction with an Internet Web site, application, or advertisement<\/li><li>IP Address<\/li><li>Geolocation data<\/li><li>Professional or employment-related information<\/li><\/ul><\/p><p class=\"cmplz-subtitle\">Retention period<\/p><p>We retain this data upon termination of the service for the following number of months: 12<\/p><\/details><details class=\"cmplz-dropdown dropdown-privacy-statement\"><summary><div><h3>1.3 Compiling and analyzing statistics for website improvement.<\/h3><\/div><\/summary><p class=\"cmplz-subtitle\">The following categories of data are collected<\/p><p><ul><li>IP Address<\/li><li>Internet activity information, including, but not limited to, browsing history, search history, and information regarding a consumer&#039;s interaction with an Internet Web site, application, or advertisement<\/li><li>Geolocation data<\/li><\/ul><\/p><p class=\"cmplz-subtitle\">Retention period<\/p><p>We determine the retention period according to fixed objective criteria: Los datos anal\u00edticos a nivel de usuario se conservan durante 14 meses seg\u00fan la configuraci\u00f3n de Google Analytics; los datos estad\u00edsticos agregados se conservan indefinidamente.<\/p><\/details><\/div><\/div>\n\t\t\t\t\t\t<\/div>\n\t\t\t\t<\/div>\n\t\t\t\t<div class=\"elementor-element elementor-element-ebea032 custom-post-content elementor-widget elementor-widget-text-editor\" data-id=\"ebea032\" data-element_type=\"widget\" data-e-type=\"widget\" data-widget_type=\"text-editor.default\">\n\t\t\t\t<div class=\"elementor-widget-container\">\n\t\t\t\t\t\t\t\t\t<h2 class=\"font-claude-response-body break-words whitespace-normal leading-[1.7]\"><strong>2. Medidas de seguridad<\/strong><\/h2><p class=\"font-claude-response-body break-words whitespace-normal leading-[1.7]\">Para proteger tus datos personales, hemos implementado medidas de seguridad administrativas, t\u00e9cnicas y f\u00edsicas dise\u00f1adas para evitar su da\u00f1o, p\u00e9rdida, alteraci\u00f3n, destrucci\u00f3n, uso, acceso o tratamiento no autorizado. Entre estas medidas se incluyen el cifrado de las comunicaciones mediante protocolo SSL\/TLS, el uso de herramientas de seguridad y detecci\u00f3n de vulnerabilidades en el sitio web, y la restricci\u00f3n del acceso a los datos personales exclusivamente al personal autorizado. No obstante, ning\u00fan sistema es completamente infalible, por lo que no podemos garantizar la seguridad absoluta de tu informaci\u00f3n.<\/p><h2 class=\"font-claude-response-body break-words whitespace-normal leading-[1.7]\"><strong>3. Cambios a la Pol\u00edtica de Privacidad<\/strong><\/h2><p class=\"font-claude-response-body break-words whitespace-normal leading-[1.7]\">Nos reservamos el derecho de modificar esta Pol\u00edtica de Privacidad en cualquier momento para reflejar cambios en nuestras pr\u00e1cticas, en la legislaci\u00f3n aplicable o por cualquier otra causa justificada. Cualquier actualizaci\u00f3n ser\u00e1 publicada directamente en esta p\u00e1gina. Te recomendamos revisarla peri\u00f3dicamente para mantenerte informado sobre c\u00f3mo manejamos y protegemos tus datos personales. La fecha de la \u00faltima modificaci\u00f3n siempre estar\u00e1 visible al inicio del documento.<\/p>\t\t\t\t\t\t\t\t<\/div>\n\t\t\t\t<\/div>\n\t\t\t\t\t<\/div>\n\t\t\t\t<\/div>\n\t\t\t\t<\/div>\n\t\t\t\t<\/div>\n\t\t","protected":false},"excerpt":{"rendered":"<p>Pol\u00edtica de Privacidad Esta pol\u00edtica fue actualizada y revisada por \u00faltima vez el d\u00eda 25 de febrero de 2026. En este documento te informamos sobre c\u00f3mo recopilamos, utilizamos y protegemos tus datos personales cuando interact\u00faas con nuestro sitio web, https:\/\/oevcoaching.com. Aqu\u00ed detallamos las categor\u00edas de datos que recopilamos, las finalidades con las cuales se obtienen [&hellip;]<\/p>\n","protected":false},"author":3,"featured_media":0,"parent":0,"menu_order":0,"comment_status":"closed","ping_status":"closed","template":"elementor_theme","meta":{"_acf_changed":false,"footnotes":""},"class_list":["post-3980","page","type-page","status-publish","hentry"],"acf":[],"yoast_head":"<!-- This site is optimized with the Yoast SEO plugin v26.8 - https:\/\/yoast.com\/product\/yoast-seo-wordpress\/ -->\n<title>Pol\u00edtica de Privacidad - OEV Coaching<\/title>\n<meta name=\"robots\" content=\"index, follow, max-snippet:-1, max-image-preview:large, max-video-preview:-1\" \/>\n<link rel=\"canonical\" href=\"https:\/\/oevcoaching.com\/es-mx\/politica-de-privacidad\/\" \/>\n<meta property=\"og:locale\" content=\"es_MX\" \/>\n<meta property=\"og:type\" content=\"article\" \/>\n<meta property=\"og:title\" content=\"Pol\u00edtica de Privacidad - OEV Coaching\" \/>\n<meta property=\"og:description\" content=\"Pol\u00edtica de Privacidad Esta pol\u00edtica fue actualizada y revisada por \u00faltima vez el d\u00eda 25 de febrero de 2026. En este documento te informamos sobre c\u00f3mo recopilamos, utilizamos y protegemos tus datos personales cuando interact\u00faas con nuestro sitio web, https:\/\/oevcoaching.com. Aqu\u00ed detallamos las categor\u00edas de datos que recopilamos, las finalidades con las cuales se obtienen [&hellip;]\" \/>\n<meta property=\"og:url\" content=\"https:\/\/oevcoaching.com\/es-mx\/politica-de-privacidad\/\" \/>\n<meta property=\"og:site_name\" content=\"OEV Coaching\" \/>\n<meta property=\"article:modified_time\" content=\"2026-02-25T22:43:49+00:00\" \/>\n<meta name=\"twitter:card\" content=\"summary_large_image\" \/>\n<meta name=\"twitter:label1\" content=\"Tiempo de lectura\" \/>\n\t<meta name=\"twitter:data1\" content=\"2 minutos\" \/>\n<script type=\"application\/ld+json\" class=\"yoast-schema-graph\">{\"@context\":\"https:\/\/schema.org\",\"@graph\":[{\"@type\":\"WebPage\",\"@id\":\"https:\/\/oevcoaching.com\/politica-de-privacidad\/\",\"url\":\"https:\/\/oevcoaching.com\/politica-de-privacidad\/\",\"name\":\"Pol\u00edtica de Privacidad - OEV Coaching\",\"isPartOf\":{\"@id\":\"https:\/\/oevcoaching.com\/#website\"},\"datePublished\":\"2026-02-21T00:09:40+00:00\",\"dateModified\":\"2026-02-25T22:43:49+00:00\",\"breadcrumb\":{\"@id\":\"https:\/\/oevcoaching.com\/politica-de-privacidad\/#breadcrumb\"},\"inLanguage\":\"es\",\"potentialAction\":[{\"@type\":\"ReadAction\",\"target\":[\"https:\/\/oevcoaching.com\/politica-de-privacidad\/\"]}]},{\"@type\":\"BreadcrumbList\",\"@id\":\"https:\/\/oevcoaching.com\/politica-de-privacidad\/#breadcrumb\",\"itemListElement\":[{\"@type\":\"ListItem\",\"position\":1,\"name\":\"Home\",\"item\":\"https:\/\/oevcoaching.com\/\"},{\"@type\":\"ListItem\",\"position\":2,\"name\":\"Pol\u00edtica de Privacidad\"}]},{\"@type\":\"WebSite\",\"@id\":\"https:\/\/oevcoaching.com\/#website\",\"url\":\"https:\/\/oevcoaching.com\/\",\"name\":\"OEV Coaching\",\"description\":\"\",\"publisher\":{\"@id\":\"https:\/\/oevcoaching.com\/#\/schema\/person\/ed0ef76bb217a615d619306d1a0024d3\"},\"potentialAction\":[{\"@type\":\"SearchAction\",\"target\":{\"@type\":\"EntryPoint\",\"urlTemplate\":\"https:\/\/oevcoaching.com\/?s={search_term_string}\"},\"query-input\":{\"@type\":\"PropertyValueSpecification\",\"valueRequired\":true,\"valueName\":\"search_term_string\"}}],\"inLanguage\":\"es\"},{\"@type\":[\"Person\",\"Organization\"],\"@id\":\"https:\/\/oevcoaching.com\/#\/schema\/person\/ed0ef76bb217a615d619306d1a0024d3\",\"name\":\"Octavio Estrada Vel\u00e1zquez\",\"image\":{\"@type\":\"ImageObject\",\"inLanguage\":\"es\",\"@id\":\"https:\/\/oevcoaching.com\/#\/schema\/person\/image\/\",\"url\":\"https:\/\/oevcoaching.com\/wp-content\/uploads\/2024\/09\/Logo-Light.png\",\"contentUrl\":\"https:\/\/oevcoaching.com\/wp-content\/uploads\/2024\/09\/Logo-Light.png\",\"width\":350,\"height\":130,\"caption\":\"Octavio Estrada Vel\u00e1zquez\"},\"logo\":{\"@id\":\"https:\/\/oevcoaching.com\/#\/schema\/person\/image\/\"},\"sameAs\":[\"https:\/\/www.linkedin.com\/in\/octavio-estrada-53976927\/\"]}]}<\/script>\n<!-- \/ Yoast SEO plugin. -->","yoast_head_json":{"title":"Pol\u00edtica de Privacidad - OEV Coaching","robots":{"index":"index","follow":"follow","max-snippet":"max-snippet:-1","max-image-preview":"max-image-preview:large","max-video-preview":"max-video-preview:-1"},"canonical":"https:\/\/oevcoaching.com\/es-mx\/politica-de-privacidad\/","og_locale":"es_MX","og_type":"article","og_title":"Pol\u00edtica de Privacidad - OEV Coaching","og_description":"Pol\u00edtica de Privacidad Esta pol\u00edtica fue actualizada y revisada por \u00faltima vez el d\u00eda 25 de febrero de 2026. En este documento te informamos sobre c\u00f3mo recopilamos, utilizamos y protegemos tus datos personales cuando interact\u00faas con nuestro sitio web, https:\/\/oevcoaching.com. Aqu\u00ed detallamos las categor\u00edas de datos que recopilamos, las finalidades con las cuales se obtienen [&hellip;]","og_url":"https:\/\/oevcoaching.com\/es-mx\/politica-de-privacidad\/","og_site_name":"OEV Coaching","article_modified_time":"2026-02-25T22:43:49+00:00","twitter_card":"summary_large_image","twitter_misc":{"Tiempo de lectura":"2 minutos"},"schema":{"@context":"https:\/\/schema.org","@graph":[{"@type":"WebPage","@id":"https:\/\/oevcoaching.com\/politica-de-privacidad\/","url":"https:\/\/oevcoaching.com\/politica-de-privacidad\/","name":"Pol\u00edtica de Privacidad - OEV Coaching","isPartOf":{"@id":"https:\/\/oevcoaching.com\/#website"},"datePublished":"2026-02-21T00:09:40+00:00","dateModified":"2026-02-25T22:43:49+00:00","breadcrumb":{"@id":"https:\/\/oevcoaching.com\/politica-de-privacidad\/#breadcrumb"},"inLanguage":"es","potentialAction":[{"@type":"ReadAction","target":["https:\/\/oevcoaching.com\/politica-de-privacidad\/"]}]},{"@type":"BreadcrumbList","@id":"https:\/\/oevcoaching.com\/politica-de-privacidad\/#breadcrumb","itemListElement":[{"@type":"ListItem","position":1,"name":"Home","item":"https:\/\/oevcoaching.com\/"},{"@type":"ListItem","position":2,"name":"Pol\u00edtica de Privacidad"}]},{"@type":"WebSite","@id":"https:\/\/oevcoaching.com\/#website","url":"https:\/\/oevcoaching.com\/","name":"OEV Coaching","description":"","publisher":{"@id":"https:\/\/oevcoaching.com\/#\/schema\/person\/ed0ef76bb217a615d619306d1a0024d3"},"potentialAction":[{"@type":"SearchAction","target":{"@type":"EntryPoint","urlTemplate":"https:\/\/oevcoaching.com\/?s={search_term_string}"},"query-input":{"@type":"PropertyValueSpecification","valueRequired":true,"valueName":"search_term_string"}}],"inLanguage":"es"},{"@type":["Person","Organization"],"@id":"https:\/\/oevcoaching.com\/#\/schema\/person\/ed0ef76bb217a615d619306d1a0024d3","name":"Octavio Estrada Vel\u00e1zquez","image":{"@type":"ImageObject","inLanguage":"es","@id":"https:\/\/oevcoaching.com\/#\/schema\/person\/image\/","url":"https:\/\/oevcoaching.com\/wp-content\/uploads\/2024\/09\/Logo-Light.png","contentUrl":"https:\/\/oevcoaching.com\/wp-content\/uploads\/2024\/09\/Logo-Light.png","width":350,"height":130,"caption":"Octavio Estrada Vel\u00e1zquez"},"logo":{"@id":"https:\/\/oevcoaching.com\/#\/schema\/person\/image\/"},"sameAs":["https:\/\/www.linkedin.com\/in\/octavio-estrada-53976927\/"]}]}},"_links":{"self":[{"href":"https:\/\/oevcoaching.com\/es-mx\/wp-json\/wp\/v2\/pages\/3980","targetHints":{"allow":["GET"]}}],"collection":[{"href":"https:\/\/oevcoaching.com\/es-mx\/wp-json\/wp\/v2\/pages"}],"about":[{"href":"https:\/\/oevcoaching.com\/es-mx\/wp-json\/wp\/v2\/types\/page"}],"author":[{"embeddable":true,"href":"https:\/\/oevcoaching.com\/es-mx\/wp-json\/wp\/v2\/users\/3"}],"replies":[{"embeddable":true,"href":"https:\/\/oevcoaching.com\/es-mx\/wp-json\/wp\/v2\/comments?post=3980"}],"version-history":[{"count":26,"href":"https:\/\/oevcoaching.com\/es-mx\/wp-json\/wp\/v2\/pages\/3980\/revisions"}],"predecessor-version":[{"id":4054,"href":"https:\/\/oevcoaching.com\/es-mx\/wp-json\/wp\/v2\/pages\/3980\/revisions\/4054"}],"wp:attachment":[{"href":"https:\/\/oevcoaching.com\/es-mx\/wp-json\/wp\/v2\/media?parent=3980"}],"curies":[{"name":"wp","href":"https:\/\/api.w.org\/{rel}","templated":true}]}}